
{"id":807,"date":"2017-01-30T15:29:32","date_gmt":"2017-01-30T15:29:32","guid":{"rendered":"https:\/\/syvilla.fi\/dev\/?page_id=807"},"modified":"2020-01-13T12:57:39","modified_gmt":"2020-01-13T12:57:39","slug":"sijainti-ja-ajo-ohje","status":"publish","type":"page","link":"https:\/\/syvilla.fi\/gb\/sijainti-ja-ajo-ohje\/","title":{"rendered":"Location and driving instructions"},"content":{"rendered":"<div class=\"col-sm-3\"><img loading=\"lazy\" decoding=\"async\" class=\"size-medium wp-image-1205 alignleft\" src=\"https:\/\/syvilla.fi\/wp-content\/uploads\/2017\/01\/sijainti-300x200.jpg\" alt=\"\" width=\"300\" height=\"200\" srcset=\"https:\/\/syvilla.fi\/wp-content\/uploads\/2017\/01\/sijainti-300x200.jpg 300w, https:\/\/syvilla.fi\/wp-content\/uploads\/2017\/01\/sijainti.jpg 600w\" sizes=\"auto, (max-width: 300px) 100vw, 300px\" \/><\/div>\n<div class=\"col-sm-9\">\n<h3>Address<\/h3>\n<p>Syv\u00e4niemen m\u00e4kitupa sijaitsee Parkanon keskustasta noin 12 km luoteeseen Kovesj\u00e4rven rannalla osoitteessa Syv\u00e4niementie (Syv\u00e4niemen mets\u00e4tie) 119-47.<\/p>\n<h3>Arrival<\/h3>\n<p>SyVilla is an easy place to get to, as the city of Parkano has excellent transport connections. Highway 3 and Main Road 23 go straight through the centre of the city, and getting to Parkano by train takes around 35 min from Tampere and a little over two hours from Helsinki. The closest airport is in Tampere. The distance to SyVilla from Parkano railway station is around 18 km, while the distance from the centre of Parkano is around 12 km.<\/p>\n<h3>Driving instructions<\/h3>\n<p>Parkano &#8211; Vaasa valtatielt\u00e4 nro 3 Parkanon pohjoispuolelta k\u00e4\u00e4nnyt\u00e4\u00e4n Karviaan johtavalle tielle nro 274. Ajettuasi noin 11,5 km Karvian suuntaan k\u00e4\u00e4nnyt vasempaan Syv\u00e4niementielle (Syv\u00e4niemen mets\u00e4tie). Ajettuasi mets\u00e4tiet\u00e41190 m k\u00e4\u00e4nnyt vasemmalle Syv\u00e4niemeen ohjaavan kyltin suuntaan. Ajettuasi t\u00e4t\u00e4 tiet\u00e4 viel\u00e4 470 m olet perill\u00e4 ja n\u00e4et tien vasemmalla puolen Syv\u00e4niemen pihapiirin.<\/p>\n<h3>Distances from Syv\u00e4niemi<strong><br \/>\n<\/strong><\/h3>\n<ul>\n<li>Town centre of Parkano 12 km<\/li>\n<li>Parkano railway station 18 km<\/li>\n<li>Town centre of Karvia 19 km<\/li>\n<li>Seitseminen National Park 40 km<\/li>\n<li>Tampere 99 km<\/li>\n<li>Sein\u00e4joki 105 km<\/li>\n<li>Pori 101 km<\/li>\n<li>Helsinki 280 km<\/li>\n<\/ul>\n<\/div>\n","protected":false},"excerpt":{"rendered":"<p>Address Syv\u00e4niemen m\u00e4kitupa sijaitsee Parkanon keskustasta noin 12 km luoteeseen Kovesj\u00e4rven rannalla osoitteessa Syv\u00e4niementie (Syv\u00e4niemen mets\u00e4tie) 119-47. Arrival SyVilla is an easy place to get to, as the city of Parkano has excellent transport connections. Highway 3 and Main Road 23 go straight through the centre of the city, and getting to Parkano by train [&hellip;]<\/p>\n","protected":false},"author":4,"featured_media":0,"parent":0,"menu_order":0,"comment_status":"closed","ping_status":"closed","template":"","meta":{"footnotes":""},"class_list":["post-807","page","type-page","status-publish","hentry"],"translation":{"provider":"WPGlobus","version":"3.0.2","language":"gb","enabled_languages":["fi","gb"],"languages":{"fi":{"title":true,"content":true,"excerpt":false},"gb":{"title":true,"content":true,"excerpt":false}}},"aioseo_notices":[],"_links":{"self":[{"href":"https:\/\/syvilla.fi\/gb\/wp-json\/wp\/v2\/pages\/807","targetHints":{"allow":["GET"]}}],"collection":[{"href":"https:\/\/syvilla.fi\/gb\/wp-json\/wp\/v2\/pages"}],"about":[{"href":"https:\/\/syvilla.fi\/gb\/wp-json\/wp\/v2\/types\/page"}],"author":[{"embeddable":true,"href":"https:\/\/syvilla.fi\/gb\/wp-json\/wp\/v2\/users\/4"}],"replies":[{"embeddable":true,"href":"https:\/\/syvilla.fi\/gb\/wp-json\/wp\/v2\/comments?post=807"}],"version-history":[{"count":28,"href":"https:\/\/syvilla.fi\/gb\/wp-json\/wp\/v2\/pages\/807\/revisions"}],"predecessor-version":[{"id":2152,"href":"https:\/\/syvilla.fi\/gb\/wp-json\/wp\/v2\/pages\/807\/revisions\/2152"}],"wp:attachment":[{"href":"https:\/\/syvilla.fi\/gb\/wp-json\/wp\/v2\/media?parent=807"}],"curies":[{"name":"wp","href":"https:\/\/api.w.org\/{rel}","templated":true}]}}