
{"id":489,"date":"2017-01-25T11:48:07","date_gmt":"2017-01-25T11:48:07","guid":{"rendered":"http:\/\/syvilla.fi.144-76-69-251.luminka.com\/dev\/?page_id=489"},"modified":"2020-01-13T09:36:12","modified_gmt":"2020-01-13T09:36:12","slug":"kovesjarvi","status":"publish","type":"page","link":"https:\/\/syvilla.fi\/gb\/kovesjarvi\/","title":{"rendered":"Be captivated by the lake and Pikkusaari Island"},"content":{"rendered":"<div class=\"carousel-slider-outer carousel-slider-outer-image-carousel carousel-slider-outer-796\" style=\"--carousel-slider-nav-color:#3f2425;--carousel-slider-active-nav-color:#cccccc;--carousel-slider-arrow-size:48px;--carousel-slider-bullet-size:10px\">\n<div id=\"&#039;id-796\" class=\"carousel-slider carousel-slider-796 arrows-visibility-hover dots-visibility-always arrows-outside dots-center dots-square owl-carousel\" data-slide-type=\"image-carousel\" data-owl-settings='{\"nav\":true,\"dots\":true,\"slideBy\":1,\"stagePadding\":0,\"margin\":10,\"loop\":true,\"lazyLoad\":false,\"autoplay\":false,\"autoplayTimeout\":5000,\"autoplaySpeed\":500,\"autoplayHoverPause\":false,\"autoWidth\":false,\"responsive\":{\"300\":{\"items\":1},\"576\":{\"items\":2},\"768\":{\"items\":2},\"1024\":{\"items\":3},\"1280\":{\"items\":4},\"1536\":{\"items\":5}}}'>\n<div class=\"carousel-slider__item\">\n\t<a class=\"magnific-popup\" href=\"https:\/\/syvilla.fi\/wp-content\/uploads\/2025\/03\/couple05_web.jpg\" data-width=\"1181\" data-height=\"789\"><img loading=\"lazy\" decoding=\"async\" width=\"640\" height=\"428\" src=\"https:\/\/syvilla.fi\/wp-content\/uploads\/2025\/03\/couple05_web-768x513.jpg\" class=\"attachment-medium_large size-medium_large\" alt=\"\" srcset=\"https:\/\/syvilla.fi\/wp-content\/uploads\/2025\/03\/couple05_web-768x513.jpg 768w, https:\/\/syvilla.fi\/wp-content\/uploads\/2025\/03\/couple05_web-300x200.jpg 300w, https:\/\/syvilla.fi\/wp-content\/uploads\/2025\/03\/couple05_web-1024x684.jpg 1024w, https:\/\/syvilla.fi\/wp-content\/uploads\/2025\/03\/couple05_web.jpg 1181w\" sizes=\"auto, (max-width: 640px) 100vw, 640px\" \/><\/a><\/div>\n\n<div class=\"carousel-slider__item\">\n\t<a class=\"magnific-popup\" href=\"https:\/\/syvilla.fi\/wp-content\/uploads\/2017\/02\/kj2.jpg\" data-width=\"600\" data-height=\"400\"><img loading=\"lazy\" decoding=\"async\" width=\"600\" height=\"400\" src=\"https:\/\/syvilla.fi\/wp-content\/uploads\/2017\/02\/kj2.jpg\" class=\"attachment-medium_large size-medium_large\" alt=\"\" srcset=\"https:\/\/syvilla.fi\/wp-content\/uploads\/2017\/02\/kj2.jpg 600w, https:\/\/syvilla.fi\/wp-content\/uploads\/2017\/02\/kj2-300x200.jpg 300w\" sizes=\"auto, (max-width: 600px) 100vw, 600px\" \/><\/a><\/div>\n\n<div class=\"carousel-slider__item\">\n\t<a class=\"magnific-popup\" href=\"https:\/\/syvilla.fi\/wp-content\/uploads\/2025\/03\/RH_Parkano69-scaled.jpg\" data-width=\"2560\" data-height=\"1703\"><img loading=\"lazy\" decoding=\"async\" width=\"640\" height=\"426\" src=\"https:\/\/syvilla.fi\/wp-content\/uploads\/2025\/03\/RH_Parkano69-768x511.jpg\" class=\"attachment-medium_large size-medium_large\" alt=\"\" srcset=\"https:\/\/syvilla.fi\/wp-content\/uploads\/2025\/03\/RH_Parkano69-768x511.jpg 768w, https:\/\/syvilla.fi\/wp-content\/uploads\/2025\/03\/RH_Parkano69-300x200.jpg 300w, https:\/\/syvilla.fi\/wp-content\/uploads\/2025\/03\/RH_Parkano69-1024x681.jpg 1024w, https:\/\/syvilla.fi\/wp-content\/uploads\/2025\/03\/RH_Parkano69-1536x1022.jpg 1536w, https:\/\/syvilla.fi\/wp-content\/uploads\/2025\/03\/RH_Parkano69-2048x1363.jpg 2048w\" sizes=\"auto, (max-width: 640px) 100vw, 640px\" \/><\/a><\/div>\n\n<div class=\"carousel-slider__item\">\n\t<a class=\"magnific-popup\" href=\"https:\/\/syvilla.fi\/wp-content\/uploads\/2017\/02\/kj7.jpg\" data-width=\"600\" data-height=\"400\"><img loading=\"lazy\" decoding=\"async\" width=\"600\" height=\"400\" src=\"https:\/\/syvilla.fi\/wp-content\/uploads\/2017\/02\/kj7.jpg\" class=\"attachment-medium_large size-medium_large\" alt=\"\" srcset=\"https:\/\/syvilla.fi\/wp-content\/uploads\/2017\/02\/kj7.jpg 600w, https:\/\/syvilla.fi\/wp-content\/uploads\/2017\/02\/kj7-300x200.jpg 300w\" sizes=\"auto, (max-width: 600px) 100vw, 600px\" \/><\/a><\/div>\n\n<div class=\"carousel-slider__item\">\n\t<a class=\"magnific-popup\" href=\"https:\/\/syvilla.fi\/wp-content\/uploads\/2025\/07\/Syvilla-winter-3-scaled.jpeg\" data-width=\"2560\" data-height=\"1920\"><img loading=\"lazy\" decoding=\"async\" width=\"640\" height=\"480\" src=\"https:\/\/syvilla.fi\/wp-content\/uploads\/2025\/07\/Syvilla-winter-3-768x576.jpeg\" class=\"attachment-medium_large size-medium_large\" alt=\"\" srcset=\"https:\/\/syvilla.fi\/wp-content\/uploads\/2025\/07\/Syvilla-winter-3-768x576.jpeg 768w, https:\/\/syvilla.fi\/wp-content\/uploads\/2025\/07\/Syvilla-winter-3-300x225.jpeg 300w, https:\/\/syvilla.fi\/wp-content\/uploads\/2025\/07\/Syvilla-winter-3-1024x768.jpeg 1024w, https:\/\/syvilla.fi\/wp-content\/uploads\/2025\/07\/Syvilla-winter-3-1536x1152.jpeg 1536w, https:\/\/syvilla.fi\/wp-content\/uploads\/2025\/07\/Syvilla-winter-3-2048x1536.jpeg 2048w\" sizes=\"auto, (max-width: 640px) 100vw, 640px\" \/><\/a><\/div>\n\n<div class=\"carousel-slider__item\">\n\t<a class=\"magnific-popup\" href=\"https:\/\/syvilla.fi\/wp-content\/uploads\/2017\/02\/kj8.jpg\" data-width=\"600\" data-height=\"400\"><img loading=\"lazy\" decoding=\"async\" width=\"600\" height=\"400\" src=\"https:\/\/syvilla.fi\/wp-content\/uploads\/2017\/02\/kj8.jpg\" class=\"attachment-medium_large size-medium_large\" alt=\"\" srcset=\"https:\/\/syvilla.fi\/wp-content\/uploads\/2017\/02\/kj8.jpg 600w, https:\/\/syvilla.fi\/wp-content\/uploads\/2017\/02\/kj8-300x200.jpg 300w\" sizes=\"auto, (max-width: 600px) 100vw, 600px\" \/><\/a><\/div>\n\n<div class=\"carousel-slider__item\">\n\t<a class=\"magnific-popup\" href=\"https:\/\/syvilla.fi\/wp-content\/uploads\/2025\/07\/Syvilla-talvi-4.jpg\" data-width=\"2048\" data-height=\"1536\"><img loading=\"lazy\" decoding=\"async\" width=\"640\" height=\"480\" src=\"https:\/\/syvilla.fi\/wp-content\/uploads\/2025\/07\/Syvilla-talvi-4-768x576.jpg\" class=\"attachment-medium_large size-medium_large\" alt=\"\" srcset=\"https:\/\/syvilla.fi\/wp-content\/uploads\/2025\/07\/Syvilla-talvi-4-768x576.jpg 768w, https:\/\/syvilla.fi\/wp-content\/uploads\/2025\/07\/Syvilla-talvi-4-300x225.jpg 300w, https:\/\/syvilla.fi\/wp-content\/uploads\/2025\/07\/Syvilla-talvi-4-1024x768.jpg 1024w, https:\/\/syvilla.fi\/wp-content\/uploads\/2025\/07\/Syvilla-talvi-4-1536x1152.jpg 1536w, https:\/\/syvilla.fi\/wp-content\/uploads\/2025\/07\/Syvilla-talvi-4.jpg 2048w\" sizes=\"auto, (max-width: 640px) 100vw, 640px\" \/><\/a><\/div>\n\n<div class=\"carousel-slider__item\">\n\t<a class=\"magnific-popup\" href=\"https:\/\/syvilla.fi\/wp-content\/uploads\/2017\/02\/kj1.jpg\" data-width=\"600\" data-height=\"400\"><img loading=\"lazy\" decoding=\"async\" width=\"600\" height=\"400\" src=\"https:\/\/syvilla.fi\/wp-content\/uploads\/2017\/02\/kj1.jpg\" class=\"attachment-medium_large size-medium_large\" alt=\"\" srcset=\"https:\/\/syvilla.fi\/wp-content\/uploads\/2017\/02\/kj1.jpg 600w, https:\/\/syvilla.fi\/wp-content\/uploads\/2017\/02\/kj1-300x200.jpg 300w\" sizes=\"auto, (max-width: 600px) 100vw, 600px\" \/><\/a><\/div>\n\n<div class=\"carousel-slider__item\">\n\t<a class=\"magnific-popup\" href=\"https:\/\/syvilla.fi\/wp-content\/uploads\/2025\/07\/RH_Parkano06.jpg\" data-width=\"1339\" data-height=\"891\"><img loading=\"lazy\" decoding=\"async\" width=\"640\" height=\"426\" src=\"https:\/\/syvilla.fi\/wp-content\/uploads\/2025\/07\/RH_Parkano06-768x511.jpg\" class=\"attachment-medium_large size-medium_large\" alt=\"\" srcset=\"https:\/\/syvilla.fi\/wp-content\/uploads\/2025\/07\/RH_Parkano06-768x511.jpg 768w, https:\/\/syvilla.fi\/wp-content\/uploads\/2025\/07\/RH_Parkano06-300x200.jpg 300w, https:\/\/syvilla.fi\/wp-content\/uploads\/2025\/07\/RH_Parkano06-1024x681.jpg 1024w, https:\/\/syvilla.fi\/wp-content\/uploads\/2025\/07\/RH_Parkano06.jpg 1339w\" sizes=\"auto, (max-width: 640px) 100vw, 640px\" \/><\/a><\/div>\n\n<div class=\"carousel-slider__item\">\n\t<a class=\"magnific-popup\" href=\"https:\/\/syvilla.fi\/wp-content\/uploads\/2025\/03\/RH_Parkano27a.jpg\" data-width=\"1714\" data-height=\"1140\"><img loading=\"lazy\" decoding=\"async\" width=\"640\" height=\"426\" src=\"https:\/\/syvilla.fi\/wp-content\/uploads\/2025\/03\/RH_Parkano27a-768x511.jpg\" class=\"attachment-medium_large size-medium_large\" alt=\"\" srcset=\"https:\/\/syvilla.fi\/wp-content\/uploads\/2025\/03\/RH_Parkano27a-768x511.jpg 768w, https:\/\/syvilla.fi\/wp-content\/uploads\/2025\/03\/RH_Parkano27a-300x200.jpg 300w, https:\/\/syvilla.fi\/wp-content\/uploads\/2025\/03\/RH_Parkano27a-1024x681.jpg 1024w, https:\/\/syvilla.fi\/wp-content\/uploads\/2025\/03\/RH_Parkano27a-1536x1022.jpg 1536w, https:\/\/syvilla.fi\/wp-content\/uploads\/2025\/03\/RH_Parkano27a.jpg 1714w\" sizes=\"auto, (max-width: 640px) 100vw, 640px\" \/><\/a><\/div>\n\n<div class=\"carousel-slider__item\">\n\t<a class=\"magnific-popup\" href=\"https:\/\/syvilla.fi\/wp-content\/uploads\/2025\/03\/RH_Parkano09-scaled.jpg\" data-width=\"1703\" data-height=\"2560\"><img loading=\"lazy\" decoding=\"async\" width=\"640\" height=\"962\" src=\"https:\/\/syvilla.fi\/wp-content\/uploads\/2025\/03\/RH_Parkano09-768x1154.jpg\" class=\"attachment-medium_large size-medium_large\" alt=\"\" srcset=\"https:\/\/syvilla.fi\/wp-content\/uploads\/2025\/03\/RH_Parkano09-768x1154.jpg 768w, https:\/\/syvilla.fi\/wp-content\/uploads\/2025\/03\/RH_Parkano09-200x300.jpg 200w, https:\/\/syvilla.fi\/wp-content\/uploads\/2025\/03\/RH_Parkano09-681x1024.jpg 681w, https:\/\/syvilla.fi\/wp-content\/uploads\/2025\/03\/RH_Parkano09-1022x1536.jpg 1022w, https:\/\/syvilla.fi\/wp-content\/uploads\/2025\/03\/RH_Parkano09-1363x2048.jpg 1363w, https:\/\/syvilla.fi\/wp-content\/uploads\/2025\/03\/RH_Parkano09-scaled.jpg 1703w\" sizes=\"auto, (max-width: 640px) 100vw, 640px\" \/><\/a><\/div>\n\n<\/div><!-- .carousel-slider-796 -->\n<\/div><!-- .carousel-slider-outer-796 -->\n\n<h3>Lake Kovesj\u00e4rvi<\/h3>\n<p>Lake Kovesj\u00e4rvi is 225 hectares in area and is situated 148.5 metres above sea level. The shoreline with its sandy beaches is over nine kilometres long, and there are five islands in the lake: the islands of Kotosaari, Marjasaari, Pikkusaari, P\u00e4ssisaari and Selk\u00e4saari. The lake is relatively shallow due to the common practice of lowering the water surface in many Finnish lakes at the beginning of the 1930s. Lake Kovesj\u00e4rvi has otherwise remained in its original natural state. Only one relatively large stream from Ahvenlampi Pond runs into the lake. The shore is mainly covered by coniferous forest, apart from the southern shore where there are small cultivated fields. The water from Lake Kovesj\u00e4rvi runs westwards towards the Gulf of Bothnia. The lake is in the immediate vicinity of the H\u00e4\u00e4detkeidas Protected Nature Area (Natura 2000). Two small rivers \u2013 the River Pirttiluoma and the River Kovesjoki \u2013 are protected by law and form part of the protected nature area (Natura 2000). The water in Lake Kovesj\u00e4rvi is clear and unpolluted according to recent research, though there is some degree of humus. The waterside vegetation includes water lobelia (Lobelia dortmanna), quillwort (Isoetes lacustris), awlwort (Subularia aquatica) and creeping spearwort (Ranunculus reptans), which are typical species of an oligotrophic lake. Several bird species, such as the diver (Gavia arctica), red-breasted merganser (Mergus serrator), common tern (Sterna hirundo), sandpiper (Actitis hypoleucos) and\u00a0 mew gull (Larus cans) nest along the lake. The national bird of Finland, the swan (Gygnus gygnus), can also be seen and admired on the lake.<\/p>\n<p>&nbsp;<\/p>\n<h3>Pikkusaari Island<\/h3>\n<p>On the nearby Pikkusaari Island you can be even closer to nature by camping in the lean-to building, which sleeps up to four people. You can grill sausages and make campfire coffee in the hearth.\u00a0In the summer, you can find one two-person Tentsile Connect tree tent on Pikkusaari Island<span class=\"Apple-converted-space\">\u00a0<\/span><\/p>\n","protected":false},"excerpt":{"rendered":"<p>Lake Kovesj\u00e4rvi Lake Kovesj\u00e4rvi is 225 hectares in area and is situated 148.5 metres above sea level. The shoreline with its sandy beaches is over nine kilometres long, and there are five islands in the lake: the islands of Kotosaari, Marjasaari, Pikkusaari, P\u00e4ssisaari and Selk\u00e4saari. The lake is relatively shallow due to the common practice [&hellip;]<\/p>\n","protected":false},"author":6,"featured_media":0,"parent":0,"menu_order":0,"comment_status":"closed","ping_status":"closed","template":"","meta":{"footnotes":""},"class_list":["post-489","page","type-page","status-publish","hentry"],"translation":{"provider":"WPGlobus","version":"3.0.2","language":"gb","enabled_languages":["fi","gb"],"languages":{"fi":{"title":true,"content":true,"excerpt":false},"gb":{"title":true,"content":true,"excerpt":false}}},"aioseo_notices":[],"_links":{"self":[{"href":"https:\/\/syvilla.fi\/gb\/wp-json\/wp\/v2\/pages\/489","targetHints":{"allow":["GET"]}}],"collection":[{"href":"https:\/\/syvilla.fi\/gb\/wp-json\/wp\/v2\/pages"}],"about":[{"href":"https:\/\/syvilla.fi\/gb\/wp-json\/wp\/v2\/types\/page"}],"author":[{"embeddable":true,"href":"https:\/\/syvilla.fi\/gb\/wp-json\/wp\/v2\/users\/6"}],"replies":[{"embeddable":true,"href":"https:\/\/syvilla.fi\/gb\/wp-json\/wp\/v2\/comments?post=489"}],"version-history":[{"count":20,"href":"https:\/\/syvilla.fi\/gb\/wp-json\/wp\/v2\/pages\/489\/revisions"}],"predecessor-version":[{"id":2257,"href":"https:\/\/syvilla.fi\/gb\/wp-json\/wp\/v2\/pages\/489\/revisions\/2257"}],"wp:attachment":[{"href":"https:\/\/syvilla.fi\/gb\/wp-json\/wp\/v2\/media?parent=489"}],"curies":[{"name":"wp","href":"https:\/\/api.w.org\/{rel}","templated":true}]}}