
{"id":1741,"date":"2019-12-03T09:07:18","date_gmt":"2019-12-03T09:07:18","guid":{"rendered":"https:\/\/syvilla.fi\/?page_id=1741"},"modified":"2022-06-11T11:41:10","modified_gmt":"2022-06-11T11:41:10","slug":"aktiviteetit","status":"publish","type":"page","link":"https:\/\/syvilla.fi\/gb\/aktiviteetit\/","title":{"rendered":"Activities"},"content":{"rendered":"<div class=\"carousel-slider-outer carousel-slider-outer-image-carousel carousel-slider-outer-1956\" style=\"--carousel-slider-nav-color:#3f2425;--carousel-slider-active-nav-color:#cccccc;--carousel-slider-arrow-size:48px;--carousel-slider-bullet-size:10px\">\n<div id=\"&#039;id-1956\" class=\"carousel-slider carousel-slider-1956 arrows-visibility-hover dots-visibility-always arrows-outside dots-center dots-square owl-carousel\" data-slide-type=\"image-carousel\" data-owl-settings='{\"nav\":true,\"dots\":true,\"slideBy\":1,\"stagePadding\":0,\"margin\":10,\"loop\":true,\"lazyLoad\":false,\"autoplay\":false,\"autoplayTimeout\":5000,\"autoplaySpeed\":500,\"autoplayHoverPause\":false,\"autoWidth\":false,\"responsive\":{\"300\":{\"items\":1},\"576\":{\"items\":2},\"768\":{\"items\":2},\"1024\":{\"items\":3},\"1280\":{\"items\":4},\"1536\":{\"items\":5}}}'>\n<div class=\"carousel-slider__item\">\n\t<a class=\"magnific-popup\" href=\"https:\/\/syvilla.fi\/wp-content\/uploads\/2025\/07\/Syvilla-winter-3-scaled.jpeg\" data-width=\"2560\" data-height=\"1920\"><img loading=\"lazy\" decoding=\"async\" width=\"640\" height=\"480\" src=\"https:\/\/syvilla.fi\/wp-content\/uploads\/2025\/07\/Syvilla-winter-3-768x576.jpeg\" class=\"attachment-medium_large size-medium_large\" alt=\"\" srcset=\"https:\/\/syvilla.fi\/wp-content\/uploads\/2025\/07\/Syvilla-winter-3-768x576.jpeg 768w, https:\/\/syvilla.fi\/wp-content\/uploads\/2025\/07\/Syvilla-winter-3-300x225.jpeg 300w, https:\/\/syvilla.fi\/wp-content\/uploads\/2025\/07\/Syvilla-winter-3-1024x768.jpeg 1024w, https:\/\/syvilla.fi\/wp-content\/uploads\/2025\/07\/Syvilla-winter-3-1536x1152.jpeg 1536w, https:\/\/syvilla.fi\/wp-content\/uploads\/2025\/07\/Syvilla-winter-3-2048x1536.jpeg 2048w\" sizes=\"auto, (max-width: 640px) 100vw, 640px\" \/><\/a><\/div>\n\n<div class=\"carousel-slider__item\">\n\t<a class=\"magnific-popup\" href=\"https:\/\/syvilla.fi\/wp-content\/uploads\/2019\/12\/aktiviteetit3.jpeg\" data-width=\"640\" data-height=\"480\"><img loading=\"lazy\" decoding=\"async\" width=\"640\" height=\"480\" src=\"https:\/\/syvilla.fi\/wp-content\/uploads\/2019\/12\/aktiviteetit3.jpeg\" class=\"attachment-medium_large size-medium_large\" alt=\"\" srcset=\"https:\/\/syvilla.fi\/wp-content\/uploads\/2019\/12\/aktiviteetit3.jpeg 640w, https:\/\/syvilla.fi\/wp-content\/uploads\/2019\/12\/aktiviteetit3-300x225.jpeg 300w\" sizes=\"auto, (max-width: 640px) 100vw, 640px\" \/><\/a><\/div>\n\n<div class=\"carousel-slider__item\">\n\t<a class=\"magnific-popup\" href=\"https:\/\/syvilla.fi\/wp-content\/uploads\/2025\/07\/Syvilla-winter-scaled.jpeg\" data-width=\"2560\" data-height=\"1920\"><img loading=\"lazy\" decoding=\"async\" width=\"640\" height=\"480\" src=\"https:\/\/syvilla.fi\/wp-content\/uploads\/2025\/07\/Syvilla-winter-768x576.jpeg\" class=\"attachment-medium_large size-medium_large\" alt=\"\" srcset=\"https:\/\/syvilla.fi\/wp-content\/uploads\/2025\/07\/Syvilla-winter-768x576.jpeg 768w, https:\/\/syvilla.fi\/wp-content\/uploads\/2025\/07\/Syvilla-winter-300x225.jpeg 300w, https:\/\/syvilla.fi\/wp-content\/uploads\/2025\/07\/Syvilla-winter-1024x768.jpeg 1024w, https:\/\/syvilla.fi\/wp-content\/uploads\/2025\/07\/Syvilla-winter-1536x1152.jpeg 1536w, https:\/\/syvilla.fi\/wp-content\/uploads\/2025\/07\/Syvilla-winter-2048x1536.jpeg 2048w\" sizes=\"auto, (max-width: 640px) 100vw, 640px\" \/><\/a><\/div>\n\n<div class=\"carousel-slider__item\">\n\t<a class=\"magnific-popup\" href=\"https:\/\/syvilla.fi\/wp-content\/uploads\/2025\/03\/RH_Parkano69-scaled.jpg\" data-width=\"2560\" data-height=\"1703\"><img loading=\"lazy\" decoding=\"async\" width=\"640\" height=\"426\" src=\"https:\/\/syvilla.fi\/wp-content\/uploads\/2025\/03\/RH_Parkano69-768x511.jpg\" class=\"attachment-medium_large size-medium_large\" alt=\"\" srcset=\"https:\/\/syvilla.fi\/wp-content\/uploads\/2025\/03\/RH_Parkano69-768x511.jpg 768w, https:\/\/syvilla.fi\/wp-content\/uploads\/2025\/03\/RH_Parkano69-300x200.jpg 300w, https:\/\/syvilla.fi\/wp-content\/uploads\/2025\/03\/RH_Parkano69-1024x681.jpg 1024w, https:\/\/syvilla.fi\/wp-content\/uploads\/2025\/03\/RH_Parkano69-1536x1022.jpg 1536w, https:\/\/syvilla.fi\/wp-content\/uploads\/2025\/03\/RH_Parkano69-2048x1363.jpg 2048w\" sizes=\"auto, (max-width: 640px) 100vw, 640px\" \/><\/a><\/div>\n\n<div class=\"carousel-slider__item\">\n\t<a class=\"magnific-popup\" href=\"https:\/\/syvilla.fi\/wp-content\/uploads\/2025\/03\/RH_Parkano68-scaled.jpg\" data-width=\"1703\" data-height=\"2560\"><img loading=\"lazy\" decoding=\"async\" width=\"640\" height=\"962\" src=\"https:\/\/syvilla.fi\/wp-content\/uploads\/2025\/03\/RH_Parkano68-768x1154.jpg\" class=\"attachment-medium_large size-medium_large\" alt=\"\" srcset=\"https:\/\/syvilla.fi\/wp-content\/uploads\/2025\/03\/RH_Parkano68-768x1154.jpg 768w, https:\/\/syvilla.fi\/wp-content\/uploads\/2025\/03\/RH_Parkano68-200x300.jpg 200w, https:\/\/syvilla.fi\/wp-content\/uploads\/2025\/03\/RH_Parkano68-681x1024.jpg 681w, https:\/\/syvilla.fi\/wp-content\/uploads\/2025\/03\/RH_Parkano68-1022x1536.jpg 1022w, https:\/\/syvilla.fi\/wp-content\/uploads\/2025\/03\/RH_Parkano68-1362x2048.jpg 1362w, https:\/\/syvilla.fi\/wp-content\/uploads\/2025\/03\/RH_Parkano68-scaled.jpg 1703w\" sizes=\"auto, (max-width: 640px) 100vw, 640px\" \/><\/a><\/div>\n\n<div class=\"carousel-slider__item\">\n\t<a class=\"magnific-popup\" href=\"https:\/\/syvilla.fi\/wp-content\/uploads\/2019\/12\/aktiviteetit2.jpg\" data-width=\"640\" data-height=\"480\"><img loading=\"lazy\" decoding=\"async\" width=\"640\" height=\"480\" src=\"https:\/\/syvilla.fi\/wp-content\/uploads\/2019\/12\/aktiviteetit2.jpg\" class=\"attachment-medium_large size-medium_large\" alt=\"\" srcset=\"https:\/\/syvilla.fi\/wp-content\/uploads\/2019\/12\/aktiviteetit2.jpg 640w, https:\/\/syvilla.fi\/wp-content\/uploads\/2019\/12\/aktiviteetit2-300x225.jpg 300w\" sizes=\"auto, (max-width: 640px) 100vw, 640px\" \/><\/a><\/div>\n\n<div class=\"carousel-slider__item\">\n\t<a class=\"magnific-popup\" href=\"https:\/\/syvilla.fi\/wp-content\/uploads\/2025\/03\/couple05_web.jpg\" data-width=\"1181\" data-height=\"789\"><img loading=\"lazy\" decoding=\"async\" width=\"640\" height=\"428\" src=\"https:\/\/syvilla.fi\/wp-content\/uploads\/2025\/03\/couple05_web-768x513.jpg\" class=\"attachment-medium_large size-medium_large\" alt=\"\" srcset=\"https:\/\/syvilla.fi\/wp-content\/uploads\/2025\/03\/couple05_web-768x513.jpg 768w, https:\/\/syvilla.fi\/wp-content\/uploads\/2025\/03\/couple05_web-300x200.jpg 300w, https:\/\/syvilla.fi\/wp-content\/uploads\/2025\/03\/couple05_web-1024x684.jpg 1024w, https:\/\/syvilla.fi\/wp-content\/uploads\/2025\/03\/couple05_web.jpg 1181w\" sizes=\"auto, (max-width: 640px) 100vw, 640px\" \/><\/a><\/div>\n\n<\/div><!-- .carousel-slider-1956 -->\n<\/div><!-- .carousel-slider-outer-1956 -->\n\n<h2>Guided nature excursions<\/h2>\n<p>Kintukka nature and recreational services offer guided hikes for groups to local nature sites and cultural sites. Some of the interesting nearby attractions include Alkkianvuori Mountain, Parkano Forest Museum, Lake Kiadatvedet and the surrounding nature trails, Aitoneva Peat Museum, K\u00e4skyvuori Mountain in Kihni\u00f6, Seitseminen National Park, Kauhaneva and Pohjankangas National Park, and H\u00e4meenkangas and Pohjankangas.<\/p>\n<h3>Time travel through the history of the H\u00e4meenkangas forests<\/h3>\n<p>Located in North Satakunta, H\u00e4meenkangas is a ridge which is slightly over 20km long and which belongs to the Lauhanvuori-H\u00e4meenkangas Geopark area. Over the centuries, human activities have shaped the forests of H\u00e4meenkangas in quite dramatic ways. Around one hundred years ago, parts of the forest had been totally destroyed, and the area had become a sandy desert. These desertified areas have since become reforested again, partly through natural processes and partly through human intervention.<\/p>\n<p>During the hiking excursion, the guide describes and explains the area\u2019s geology, cultural history, forest use and ownership over the centuries, as well as the ecology of dry and rugged peaty forests.\u00a0You will be surprised to discover the uniqueness and diversity of the history of the H\u00e4meenkangas forests. H\u00e4meenkangas is one of the natural attractions in the Lauhanvuori-H\u00e4meenkangas Geopark area. The meeting point is in front of the J\u00e4mi Arena.<\/p>\n<p>Duration: 2-3 hours<br \/>\nAvailability: May\u2013October<br \/>\nGroup size: 5\u201320 people<br \/>\nPrice: \u20ac225 (incl. VAT at 24%)<\/p>\n<p><strong><a href=\"https:\/\/syvilla.johku.com\/en_US\/opastetut-retket\/aikamatka-hameenkankaan-metsien-vaiheisiin\" target=\"_blank\" rel=\"noopener\">Buy<\/a><\/strong><\/p>\n<h3>A forest experience for all the senses<\/h3>\n<p>Did you know that research has shown that spending 10 minutes in a forest is enough to lower one\u2019s blood pressure. One\u2019s mood is improved after 20 minutes, attentiveness increases after an hour, and after two hours your body\u2019s immune system is boosted.<\/p>\n<p>During the forest hike, a trained instructor teaches about the well-being benefits of forests and leads participants in trying out different sensory \u2018forest immersion\u2019 exercises. This forest immersion technique has been developed through decades of coaching experience. It is strongly rooted in knowledge obtained through research from environmental psychology and the behavioural sciences.<\/p>\n<p>The \u2018forest experience for all the senses\u2019 is suitable for carrying out in any peaceful forest locations, such as national parks.<\/p>\n<p>Duration: 2\u20133 hours<br \/>\nAvailability: May\u2013October<br \/>\nGroup size: 5\u201315 people<br \/>\nPrice: \u20ac225 (incl. VAT at 24% )<\/p>\n<p><strong><a href=\"https:\/\/syvilla.johku.com\/en_US\/opastetut-retket\/metsaelamys-kaikilla-aisteilla\" target=\"_blank\" rel=\"noopener\">Buy<\/a><\/strong><\/p>\n<h3>A trip to the ancient seashore at Alkkianvuori Mountain<\/h3>\n<p>On the Alkkianvuori Mountain nature trail, you can experience a dramatic and rugged landscape located along the borders of a watershed; a place where coastal cobble deposits and slope marshes tell of the history of the sea and lakes since the end of the last ice age. The area is one of the most significant in the Lauhanvuori-H\u00e4meenkangas Geopark area. During the hike, the guide will introduce the geological history and special features of the nature on Alkkianvuori Mountain as well as the activities of the Karvia Karvia Auxiliary Prison and the Forest Research Institute. They will also explain how nature affects people\u2019s psychological, social and physical well-being, while you at the same time can admire the views over the forest from the rocky cliffs. At the end of the hike, you get to enjoy coffee, tea and sandwiches around the campfire.<\/p>\n<p>Duration: about 3 \u00a0hours<br \/>\nAvailability: May\u2013October<br \/>\nGroup size: 5\u201320 people<br \/>\nPrice: \u20ac225 (incl. VAT at 24% )<\/p>\n<p><strong><a href=\"https:\/\/syvilla.johku.com\/en_US\/opastetut-retket\/retki-alkkianvuoren-muinaiselle-merenrannalle\" target=\"_blank\" rel=\"noopener\">Buy<\/a><\/strong><\/p>\n<p>Information about the Everyman\u2019s Rights (right to roam) in Finland can be found at www.ymparisto.fi\/jokamiehenoikeudet (in Finnish).<\/p>\n<p><strong>Fishing equipment<\/strong><\/p>\n<p>SyVilla offers its guests free use of its rowing boats, canoes and life jackets as well as any needed fishing equipment (rods and spinners in summer, ice drill and jigs in winter). The fishing fee, however, needs to be paid to the accommodation staff.<\/p>\n<h3>Day trip to SyVilla<\/h3>\n<p>Enjoy a relaxing day trip to the traditional surroundings of SyVilla and its tranquil nature. While enjoying the introductory coffee and refreshments, you will get to hear the fascinating story of the local family that built the SyVilla farmhouse. After the coffee, you can explore the premises and surroundings of SyVilla at your leisure. Before the light picnic lunch, you can learn about the health effects of nature and practice together with others a few \u2018forest immersion\u2019 exercises.<\/p>\n<p>Duration: 3\u20134 hours<br \/>\nAvailability: May\u2013October, when there are no guests staying at SyVilla<br \/>\nGroup size: max 30 people<\/p>\n<p>Price: \u20ac200 (incl. VAT at 24%) + meals<\/p>\n<h3>Horse riding<\/h3>\n<p>Located right next to SyVilla are the Satumaa stables, which offer excellent horse riding options. It also offers different kinds of rides in horse-drawn carriages. Contact: Satu Koivisto, tel: +358400 770 2138, satu.koivisto@outlook.com.<\/p>\n","protected":false},"excerpt":{"rendered":"<p>Guided nature excursions Kintukka nature and recreational services offer guided hikes for groups to local nature sites and cultural sites. Some of the interesting nearby attractions include Alkkianvuori Mountain, Parkano Forest Museum, Lake Kiadatvedet and the surrounding nature trails, Aitoneva Peat Museum, K\u00e4skyvuori Mountain in Kihni\u00f6, Seitseminen National Park, Kauhaneva and Pohjankangas National Park, and [&hellip;]<\/p>\n","protected":false},"author":5,"featured_media":0,"parent":0,"menu_order":0,"comment_status":"closed","ping_status":"closed","template":"","meta":{"footnotes":""},"class_list":["post-1741","page","type-page","status-publish","hentry"],"translation":{"provider":"WPGlobus","version":"3.0.2","language":"gb","enabled_languages":["fi","gb"],"languages":{"fi":{"title":true,"content":true,"excerpt":false},"gb":{"title":true,"content":true,"excerpt":false}}},"aioseo_notices":[],"_links":{"self":[{"href":"https:\/\/syvilla.fi\/gb\/wp-json\/wp\/v2\/pages\/1741","targetHints":{"allow":["GET"]}}],"collection":[{"href":"https:\/\/syvilla.fi\/gb\/wp-json\/wp\/v2\/pages"}],"about":[{"href":"https:\/\/syvilla.fi\/gb\/wp-json\/wp\/v2\/types\/page"}],"author":[{"embeddable":true,"href":"https:\/\/syvilla.fi\/gb\/wp-json\/wp\/v2\/users\/5"}],"replies":[{"embeddable":true,"href":"https:\/\/syvilla.fi\/gb\/wp-json\/wp\/v2\/comments?post=1741"}],"version-history":[{"count":90,"href":"https:\/\/syvilla.fi\/gb\/wp-json\/wp\/v2\/pages\/1741\/revisions"}],"predecessor-version":[{"id":2350,"href":"https:\/\/syvilla.fi\/gb\/wp-json\/wp\/v2\/pages\/1741\/revisions\/2350"}],"wp:attachment":[{"href":"https:\/\/syvilla.fi\/gb\/wp-json\/wp\/v2\/media?parent=1741"}],"curies":[{"name":"wp","href":"https:\/\/api.w.org\/{rel}","templated":true}]}}